{"id":52,"date":"2020-03-07T09:58:22","date_gmt":"2020-03-07T06:58:22","guid":{"rendered":"http:\/\/www.bilisimharita.com.tr\/?page_id=52"},"modified":"2020-03-17T18:51:35","modified_gmt":"2020-03-17T15:51:35","slug":"iletisim","status":"publish","type":"page","link":"https:\/\/www.bilisimharita.com.tr\/index.php\/iletisim\/","title":{"rendered":"\u0130leti\u015fim"},"content":{"rendered":"\n<p>Adresimiz : Liman Mah. Fener Sok. No:2\/4 \u0130lkad\u0131m\/SAMSUN<br> Telefon    : 0362 447 5355<br> Faks         : 0362 447 5354<br> e-mail      : <a href=\"mailto:bilgi@bilisimharita.com.tr\">bilgi@bilisimharita.com.tr<\/a><\/p>\n\n\n\n\n<div class=\"wpcf7 no-js\" id=\"wpcf7-f179-o1\" lang=\"tr-TR\" dir=\"ltr\" data-wpcf7-id=\"179\">\n<div class=\"screen-reader-response\"><p role=\"status\" aria-live=\"polite\" aria-atomic=\"true\"><\/p> <ul><\/ul><\/div>\n<form action=\"\/index.php\/wp-json\/wp\/v2\/pages\/52#wpcf7-f179-o1\" method=\"post\" class=\"wpcf7-form init\" aria-label=\"\u0130leti\u015fim Formu\" novalidate=\"novalidate\" data-status=\"init\">\n<fieldset class=\"hidden-fields-container\"><input type=\"hidden\" name=\"_wpcf7\" value=\"179\" \/><input type=\"hidden\" name=\"_wpcf7_version\" value=\"6.1.4\" \/><input type=\"hidden\" name=\"_wpcf7_locale\" value=\"tr_TR\" \/><input type=\"hidden\" name=\"_wpcf7_unit_tag\" value=\"wpcf7-f179-o1\" \/><input type=\"hidden\" name=\"_wpcf7_container_post\" value=\"0\" \/><input type=\"hidden\" name=\"_wpcf7_posted_data_hash\" value=\"\" \/>\n<\/fieldset>\n<p><label> Ad\u0131n\u0131z (gerekli)<br \/>\n<span class=\"wpcf7-form-control-wrap\" data-name=\"your-name\"><input size=\"40\" maxlength=\"400\" class=\"wpcf7-form-control wpcf7-text wpcf7-validates-as-required\" aria-required=\"true\" aria-invalid=\"false\" value=\"\" type=\"text\" name=\"your-name\" \/><\/span> <\/label>\n<\/p>\n<p><label> E-posta adresiniz (gerekli)<br \/>\n<span class=\"wpcf7-form-control-wrap\" data-name=\"your-email\"><input size=\"40\" maxlength=\"400\" class=\"wpcf7-form-control wpcf7-email wpcf7-validates-as-required wpcf7-text wpcf7-validates-as-email\" aria-required=\"true\" aria-invalid=\"false\" value=\"\" type=\"email\" name=\"your-email\" \/><\/span> <\/label>\n<\/p>\n<p><label> Konu<br \/>\n<span class=\"wpcf7-form-control-wrap\" data-name=\"your-subject\"><input size=\"40\" maxlength=\"400\" class=\"wpcf7-form-control wpcf7-text\" aria-invalid=\"false\" value=\"\" type=\"text\" name=\"your-subject\" \/><\/span> <\/label>\n<\/p>\n<p><label> \u0130letiniz<br \/>\n<span class=\"wpcf7-form-control-wrap\" data-name=\"your-message\"><textarea cols=\"40\" rows=\"10\" maxlength=\"2000\" class=\"wpcf7-form-control wpcf7-textarea\" aria-invalid=\"false\" name=\"your-message\"><\/textarea><\/span> <\/label>\n<\/p>\n<p><input class=\"wpcf7-form-control wpcf7-submit has-spinner\" type=\"submit\" value=\"G\u00f6nder\" \/>\n<\/p><div class=\"wpcf7-response-output\" aria-hidden=\"true\"><\/div>\n<\/form>\n<\/div>\n\n","protected":false},"excerpt":{"rendered":"<p>Adresimiz : Liman Mah. Fener Sok. No:2\/4 \u0130lkad\u0131m\/SAMSUN Telefon :<span class=\"more-button\"><a href=\"https:\/\/www.bilisimharita.com.tr\/index.php\/iletisim\/\" class=\"more-link\">Devam\u0131n\u0131 Oku&#8230;<span class=\"screen-reader-text\">\u0130leti\u015fim<\/span><\/a><\/span><\/p>\n","protected":false},"author":1,"featured_media":0,"parent":0,"menu_order":3,"comment_status":"closed","ping_status":"closed","template":"","meta":{"_uag_custom_page_level_css":"","ngg_post_thumbnail":0,"footnotes":""},"class_list":["post-52","page","type-page","status-publish","hentry"],"uagb_featured_image_src":{"full":false,"thumbnail":false,"medium":false,"medium_large":false,"large":false,"1536x1536":false,"2048x2048":false,"post-thumbnail":false,"intuitive-slider":false,"intuitive-header-inner":false,"intuitive-featured-content":false,"intuitive-testimonial-thumb":false,"intuitive-hero-content":false,"intuitive-team":false,"intuitive-portfolio":false,"intuitive-logo":false},"uagb_author_info":{"display_name":"admin","author_link":"https:\/\/www.bilisimharita.com.tr\/author\/admin\/"},"uagb_comment_info":0,"uagb_excerpt":"Adresimiz : Liman Mah. Fener Sok. No:2\/4 \u0130lkad\u0131m\/SAMSUN Telefon :Devam\u0131n\u0131 Oku...\u0130leti\u015fim","_links":{"self":[{"href":"https:\/\/www.bilisimharita.com.tr\/index.php\/wp-json\/wp\/v2\/pages\/52","targetHints":{"allow":["GET"]}}],"collection":[{"href":"https:\/\/www.bilisimharita.com.tr\/index.php\/wp-json\/wp\/v2\/pages"}],"about":[{"href":"https:\/\/www.bilisimharita.com.tr\/index.php\/wp-json\/wp\/v2\/types\/page"}],"author":[{"embeddable":true,"href":"https:\/\/www.bilisimharita.com.tr\/index.php\/wp-json\/wp\/v2\/users\/1"}],"replies":[{"embeddable":true,"href":"https:\/\/www.bilisimharita.com.tr\/index.php\/wp-json\/wp\/v2\/comments?post=52"}],"version-history":[{"count":3,"href":"https:\/\/www.bilisimharita.com.tr\/index.php\/wp-json\/wp\/v2\/pages\/52\/revisions"}],"predecessor-version":[{"id":225,"href":"https:\/\/www.bilisimharita.com.tr\/index.php\/wp-json\/wp\/v2\/pages\/52\/revisions\/225"}],"wp:attachment":[{"href":"https:\/\/www.bilisimharita.com.tr\/index.php\/wp-json\/wp\/v2\/media?parent=52"}],"curies":[{"name":"wp","href":"https:\/\/api.w.org\/{rel}","templated":true}]}}