{"id":50,"date":"2020-03-07T09:58:00","date_gmt":"2020-03-07T06:58:00","guid":{"rendered":"http:\/\/www.bilisimharita.com.tr\/?page_id=50"},"modified":"2020-03-17T17:54:43","modified_gmt":"2020-03-17T14:54:43","slug":"referanslarimiz","status":"publish","type":"page","link":"https:\/\/www.bilisimharita.com.tr\/index.php\/referanslarimiz\/","title":{"rendered":"Referanslar\u0131m\u0131z"},"content":{"rendered":"\n<figure class=\"wp-block-table\"><table class=\"\"><tbody><tr><td class=\"has-text-align-center\" data-align=\"center\"><a href=\"https:\/\/www.tkgm.gov.tr\/tr\" target=\"_blank\" rel=\"noopener\"><img loading=\"lazy\" decoding=\"async\" width=\"68\" height=\"88\" class=\"wp-image-87\" style=\"width: 68px;\" src=\"http:\/\/www.bilisimharita.com.tr\/wp-content\/uploads\/2020\/03\/partner4.png\" alt=\"\"><\/a><\/td><td class=\"has-text-align-center\" data-align=\"center\"><a href=\"https:\/\/www.kgm.gov.tr\/Sayfalar\/KGM\/SiteTr\/Root\/default.aspx\" target=\"_blank\" rel=\"noopener\"><img loading=\"lazy\" decoding=\"async\" width=\"150\" height=\"113\" class=\"wp-image-99\" style=\"width: 150px;\" src=\"http:\/\/www.bilisimharita.com.tr\/wp-content\/uploads\/2020\/03\/p2.png\" alt=\"\"><\/a><\/td><td class=\"has-text-align-center\" data-align=\"center\"><a href=\"https:\/\/www.ilbank.gov.tr\/\" target=\"_blank\" rel=\"noopener\"><img loading=\"lazy\" decoding=\"async\" width=\"150\" height=\"139\" class=\"wp-image-98\" style=\"width: 150px;\" src=\"http:\/\/www.bilisimharita.com.tr\/wp-content\/uploads\/2020\/03\/p1.png\" alt=\"\"><\/a><\/td><\/tr><tr><td class=\"has-text-align-center\" data-align=\"center\">Tapu ve Kadastro Genel M\u00fcd\u00fcrl\u00fc\u011f\u00fc<\/td><td class=\"has-text-align-center\" data-align=\"center\">Karayollar\u0131  Genel M\u00fcd\u00fcrl\u00fc\u011f\u00fc<\/td><td class=\"has-text-align-center\" data-align=\"center\">\u0130ller Bankas\u0131  Genel M\u00fcd\u00fcrl\u00fc\u011f\u00fc<\/td><\/tr><tr><td class=\"has-text-align-center\" data-align=\"center\"><\/td><td class=\"has-text-align-center\" data-align=\"center\"><\/td><td class=\"has-text-align-center\" data-align=\"center\"><\/td><\/tr><\/tbody><\/table><\/figure>\n","protected":false},"excerpt":{"rendered":"<p>Tapu ve Kadastro Genel M\u00fcd\u00fcrl\u00fc\u011f\u00fc Karayollar\u0131 Genel M\u00fcd\u00fcrl\u00fc\u011f\u00fc \u0130ller Bankas\u0131<span class=\"more-button\"><a href=\"https:\/\/www.bilisimharita.com.tr\/index.php\/referanslarimiz\/\" class=\"more-link\">Devam\u0131n\u0131 Oku&#8230;<span class=\"screen-reader-text\">Referanslar\u0131m\u0131z<\/span><\/a><\/span><\/p>\n","protected":false},"author":1,"featured_media":0,"parent":0,"menu_order":2,"comment_status":"closed","ping_status":"closed","template":"","meta":{"_uag_custom_page_level_css":"","ngg_post_thumbnail":0,"footnotes":""},"class_list":["post-50","page","type-page","status-publish","hentry"],"uagb_featured_image_src":{"full":false,"thumbnail":false,"medium":false,"medium_large":false,"large":false,"1536x1536":false,"2048x2048":false,"post-thumbnail":false,"intuitive-slider":false,"intuitive-header-inner":false,"intuitive-featured-content":false,"intuitive-testimonial-thumb":false,"intuitive-hero-content":false,"intuitive-team":false,"intuitive-portfolio":false,"intuitive-logo":false},"uagb_author_info":{"display_name":"admin","author_link":"https:\/\/www.bilisimharita.com.tr\/author\/admin\/"},"uagb_comment_info":0,"uagb_excerpt":"Tapu ve Kadastro Genel M\u00fcd\u00fcrl\u00fc\u011f\u00fc Karayollar\u0131 Genel M\u00fcd\u00fcrl\u00fc\u011f\u00fc \u0130ller Bankas\u0131Devam\u0131n\u0131 Oku...Referanslar\u0131m\u0131z","_links":{"self":[{"href":"https:\/\/www.bilisimharita.com.tr\/index.php\/wp-json\/wp\/v2\/pages\/50","targetHints":{"allow":["GET"]}}],"collection":[{"href":"https:\/\/www.bilisimharita.com.tr\/index.php\/wp-json\/wp\/v2\/pages"}],"about":[{"href":"https:\/\/www.bilisimharita.com.tr\/index.php\/wp-json\/wp\/v2\/types\/page"}],"author":[{"embeddable":true,"href":"https:\/\/www.bilisimharita.com.tr\/index.php\/wp-json\/wp\/v2\/users\/1"}],"replies":[{"embeddable":true,"href":"https:\/\/www.bilisimharita.com.tr\/index.php\/wp-json\/wp\/v2\/comments?post=50"}],"version-history":[{"count":5,"href":"https:\/\/www.bilisimharita.com.tr\/index.php\/wp-json\/wp\/v2\/pages\/50\/revisions"}],"predecessor-version":[{"id":209,"href":"https:\/\/www.bilisimharita.com.tr\/index.php\/wp-json\/wp\/v2\/pages\/50\/revisions\/209"}],"wp:attachment":[{"href":"https:\/\/www.bilisimharita.com.tr\/index.php\/wp-json\/wp\/v2\/media?parent=50"}],"curies":[{"name":"wp","href":"https:\/\/api.w.org\/{rel}","templated":true}]}}