{"id":41,"date":"2020-03-07T06:08:38","date_gmt":"2020-03-07T06:08:38","guid":{"rendered":"http:\/\/www.bilisimharita.com.tr\/?page_id=41"},"modified":"2020-03-17T17:57:42","modified_gmt":"2020-03-17T14:57:42","slug":"banka-bilgilerimiz","status":"publish","type":"page","link":"https:\/\/www.bilisimharita.com.tr\/index.php\/hakkimizda\/banka-bilgilerimiz\/","title":{"rendered":"Kurumsal Bilgilerimiz"},"content":{"rendered":"\n<p style=\"color:#a30000\" class=\"has-text-color has-large-font-size\"><strong>B\u0130L\u0130\u015e\u0130M HAR\u0130TA \u0130N\u015eAAT LTD. \u015eT\u0130.<\/strong><\/p>\n\n\n\n<p>Liman Mah. Fener Sok. No:2\/4 \u0130lkad\u0131m\/SAMSUN<\/p>\n\n\n\n<p>Gaziler V.D. &#8211; 170 004 1663<\/p>\n\n\n\n<p>Mersis No : 0170004166300019<\/p>\n\n\n\n<p class=\"has-background has-yellow-background-color\">BANKA B\u0130LG\u0130LER\u0130M\u0130Z<\/p>\n\n\n\n<figure class=\"wp-block-table\"><table class=\"\"><tbody><tr><td>BANKA ADI<\/td><td>IBAN (TL)<\/td><\/tr><tr><td>Ziraat Kat\u0131l\u0131m Bankas\u0131 A.\u015e<\/td><td>TR23 0020 9000 0038 2782 0000 01<\/td><\/tr><tr><td>Kuveytt\u00fcrk Kat\u0131l\u0131m Bankas\u0131 A.\u015e.<\/td><td>TR91 0020 5000 0006 3794 8000 01 <\/td><\/tr><tr><td>Yap\u0131 ve Kredi Bankas\u0131<\/td><td>TR30 0006 7010 0000 0094 8313 17<\/td><\/tr><\/tbody><\/table><\/figure>\n\n\n\n<div class=\"wp-block-image\"><figure class=\"aligncenter size-large is-resized\"><img loading=\"lazy\" decoding=\"async\" src=\"http:\/\/www.bilisimharita.com.tr\/wp-content\/uploads\/2020\/03\/kbilgi_icsayfa.jpg\" alt=\"\" class=\"wp-image-210\" width=\"687\" height=\"150\" srcset=\"https:\/\/www.bilisimharita.com.tr\/wp-content\/uploads\/2020\/03\/kbilgi_icsayfa.jpg 916w, https:\/\/www.bilisimharita.com.tr\/wp-content\/uploads\/2020\/03\/kbilgi_icsayfa-300x66.jpg 300w, https:\/\/www.bilisimharita.com.tr\/wp-content\/uploads\/2020\/03\/kbilgi_icsayfa-768x168.jpg 768w\" sizes=\"auto, (max-width: 687px) 100vw, 687px\" \/><\/figure><\/div>\n","protected":false},"excerpt":{"rendered":"<p>B\u0130L\u0130\u015e\u0130M HAR\u0130TA \u0130N\u015eAAT LTD. \u015eT\u0130. Liman Mah. Fener Sok. No:2\/4<span class=\"more-button\"><a href=\"https:\/\/www.bilisimharita.com.tr\/index.php\/hakkimizda\/banka-bilgilerimiz\/\" class=\"more-link\">Devam\u0131n\u0131 Oku&#8230;<span class=\"screen-reader-text\">Kurumsal Bilgilerimiz<\/span><\/a><\/span><\/p>\n","protected":false},"author":1,"featured_media":42,"parent":29,"menu_order":3,"comment_status":"closed","ping_status":"closed","template":"","meta":{"_uag_custom_page_level_css":"","ngg_post_thumbnail":0,"footnotes":""},"class_list":["post-41","page","type-page","status-publish","has-post-thumbnail","hentry"],"uagb_featured_image_src":{"full":["https:\/\/www.bilisimharita.com.tr\/wp-content\/uploads\/2020\/03\/2005-04-09_200002_welcome7.gif",334,168,false],"thumbnail":["https:\/\/www.bilisimharita.com.tr\/wp-content\/uploads\/2020\/03\/2005-04-09_200002_welcome7-150x150.gif",150,150,true],"medium":["https:\/\/www.bilisimharita.com.tr\/wp-content\/uploads\/2020\/03\/2005-04-09_200002_welcome7-300x151.gif",300,151,true],"medium_large":["https:\/\/www.bilisimharita.com.tr\/wp-content\/uploads\/2020\/03\/2005-04-09_200002_welcome7.gif",334,168,false],"large":["https:\/\/www.bilisimharita.com.tr\/wp-content\/uploads\/2020\/03\/2005-04-09_200002_welcome7.gif",334,168,false],"1536x1536":["https:\/\/www.bilisimharita.com.tr\/wp-content\/uploads\/2020\/03\/2005-04-09_200002_welcome7.gif",334,168,false],"2048x2048":["https:\/\/www.bilisimharita.com.tr\/wp-content\/uploads\/2020\/03\/2005-04-09_200002_welcome7.gif",334,168,false],"post-thumbnail":["https:\/\/www.bilisimharita.com.tr\/wp-content\/uploads\/2020\/03\/2005-04-09_200002_welcome7.gif",334,168,false],"intuitive-slider":["https:\/\/www.bilisimharita.com.tr\/wp-content\/uploads\/2020\/03\/2005-04-09_200002_welcome7.gif",334,168,false],"intuitive-header-inner":["https:\/\/www.bilisimharita.com.tr\/wp-content\/uploads\/2020\/03\/2005-04-09_200002_welcome7.gif",334,168,false],"intuitive-featured-content":["https:\/\/www.bilisimharita.com.tr\/wp-content\/uploads\/2020\/03\/2005-04-09_200002_welcome7.gif",334,168,false],"intuitive-testimonial-thumb":["https:\/\/www.bilisimharita.com.tr\/wp-content\/uploads\/2020\/03\/2005-04-09_200002_welcome7-70x70.gif",70,70,true],"intuitive-hero-content":["https:\/\/www.bilisimharita.com.tr\/wp-content\/uploads\/2020\/03\/2005-04-09_200002_welcome7.gif",334,168,false],"intuitive-team":["https:\/\/www.bilisimharita.com.tr\/wp-content\/uploads\/2020\/03\/2005-04-09_200002_welcome7.gif",334,168,false],"intuitive-portfolio":["https:\/\/www.bilisimharita.com.tr\/wp-content\/uploads\/2020\/03\/2005-04-09_200002_welcome7.gif",334,168,false],"intuitive-logo":["https:\/\/www.bilisimharita.com.tr\/wp-content\/uploads\/2020\/03\/2005-04-09_200002_welcome7-190x107.gif",190,107,true]},"uagb_author_info":{"display_name":"admin","author_link":"https:\/\/www.bilisimharita.com.tr\/author\/admin\/"},"uagb_comment_info":0,"uagb_excerpt":"B\u0130L\u0130\u015e\u0130M HAR\u0130TA \u0130N\u015eAAT LTD. \u015eT\u0130. Liman Mah. Fener Sok. No:2\/4Devam\u0131n\u0131 Oku...Kurumsal Bilgilerimiz","_links":{"self":[{"href":"https:\/\/www.bilisimharita.com.tr\/index.php\/wp-json\/wp\/v2\/pages\/41","targetHints":{"allow":["GET"]}}],"collection":[{"href":"https:\/\/www.bilisimharita.com.tr\/index.php\/wp-json\/wp\/v2\/pages"}],"about":[{"href":"https:\/\/www.bilisimharita.com.tr\/index.php\/wp-json\/wp\/v2\/types\/page"}],"author":[{"embeddable":true,"href":"https:\/\/www.bilisimharita.com.tr\/index.php\/wp-json\/wp\/v2\/users\/1"}],"replies":[{"embeddable":true,"href":"https:\/\/www.bilisimharita.com.tr\/index.php\/wp-json\/wp\/v2\/comments?post=41"}],"version-history":[{"count":7,"href":"https:\/\/www.bilisimharita.com.tr\/index.php\/wp-json\/wp\/v2\/pages\/41\/revisions"}],"predecessor-version":[{"id":212,"href":"https:\/\/www.bilisimharita.com.tr\/index.php\/wp-json\/wp\/v2\/pages\/41\/revisions\/212"}],"up":[{"embeddable":true,"href":"https:\/\/www.bilisimharita.com.tr\/index.php\/wp-json\/wp\/v2\/pages\/29"}],"wp:featuredmedia":[{"embeddable":true,"href":"https:\/\/www.bilisimharita.com.tr\/index.php\/wp-json\/wp\/v2\/media\/42"}],"wp:attachment":[{"href":"https:\/\/www.bilisimharita.com.tr\/index.php\/wp-json\/wp\/v2\/media?parent=41"}],"curies":[{"name":"wp","href":"https:\/\/api.w.org\/{rel}","templated":true}]}}