{"id":39,"date":"2020-03-07T06:08:01","date_gmt":"2020-03-07T06:08:01","guid":{"rendered":"http:\/\/www.bilisimharita.com.tr\/?page_id=39"},"modified":"2020-03-17T18:49:56","modified_gmt":"2020-03-17T15:49:56","slug":"misyonumuz","status":"publish","type":"page","link":"https:\/\/www.bilisimharita.com.tr\/index.php\/hakkimizda\/misyonumuz\/","title":{"rendered":"\u015eirket Misyonumuz&#8230;"},"content":{"rendered":"\n<div class=\"wp-block-columns is-layout-flex wp-container-core-columns-is-layout-9d6595d7 wp-block-columns-is-layout-flex\">\n<div class=\"wp-block-column is-layout-flow wp-block-column-is-layout-flow\" style=\"flex-basis:66.66%\">\n<p> \u0130\u015f \u00e7e\u015fitlerimiz, \u00e7\u00f6z\u00fcmlerimiz, hizmet sonras\u0131 sa\u011flad\u0131\u011f\u0131m\u0131z g\u00fcvenirlilik ve y\u00fcksek i\u015f ahlak\u0131m\u0131z ile m\u00fc\u015fterilerin ilk tercihi olarak, \u00e7al\u0131\u015fanlar\u0131m\u0131z ve m\u00fc\u015fterilerimiz i\u00e7in de\u011fer yaratan bir \u015firket olmak. Y\u00fcksek standartl\u0131, kaliteli hizmet vererek m\u00fc\u015fteri memnuniyetini en \u00fcst d\u00fczeye \u00e7\u0131karmak, M\u00fc\u015fterilerimizin zaman\u0131na ve haklar\u0131na sayg\u0131 duymak,\u00c7al\u0131\u015fanlar\u0131m\u0131z\u0131n tatmini ve moral de\u011ferlerini artt\u0131rmak,\u0130nsanl\u0131\u011fa, \u00e7evreye ve evrensel de\u011ferlere olan sorumluluklar\u0131m\u0131z\u0131 yerine getirmek, <\/p>\n\n\n\n<p> Bilgi \u00e7a\u011f\u0131n\u0131n getirdi\u011fi yeni ve ka\u00e7\u0131n\u0131lmaz ger\u00e7ekler do\u011frultusunda, \u00e7\u00f6z\u00fcm orta\u011f\u0131 kimli\u011fi ile, i\u015fletmelerin ihtiya\u00e7lar\u0131na g\u00f6rerek bakmak ve anlayarak \u00e7\u00f6zmek i\u00e7in y\u00f6nlendirici ve y\u00f6netici \u00e7al\u0131\u015fmalar\u0131 dan\u0131\u015fmanl\u0131k esaslar\u0131 \u0131\u015f\u0131\u011f\u0131nda ger\u00e7ekle\u015ftirmek. <\/p>\n<\/div>\n\n\n\n<div class=\"wp-block-column is-layout-flow wp-block-column-is-layout-flow\" style=\"flex-basis:33.33%\">\n<figure class=\"wp-block-image size-large\"><img loading=\"lazy\" decoding=\"async\" width=\"512\" height=\"384\" src=\"http:\/\/www.bilisimharita.com.tr\/wp-content\/uploads\/2020\/03\/misyon.png\" alt=\"\" class=\"wp-image-197\" srcset=\"https:\/\/www.bilisimharita.com.tr\/wp-content\/uploads\/2020\/03\/misyon.png 512w, https:\/\/www.bilisimharita.com.tr\/wp-content\/uploads\/2020\/03\/misyon-300x225.png 300w\" sizes=\"auto, (max-width: 512px) 100vw, 512px\" \/><\/figure>\n<\/div>\n<\/div>\n","protected":false},"excerpt":{"rendered":"<p>\u0130\u015f \u00e7e\u015fitlerimiz, \u00e7\u00f6z\u00fcmlerimiz, hizmet sonras\u0131 sa\u011flad\u0131\u011f\u0131m\u0131z g\u00fcvenirlilik ve y\u00fcksek i\u015f<span class=\"more-button\"><a href=\"https:\/\/www.bilisimharita.com.tr\/index.php\/hakkimizda\/misyonumuz\/\" class=\"more-link\">Devam\u0131n\u0131 Oku&#8230;<span class=\"screen-reader-text\">\u015eirket Misyonumuz&#8230;<\/span><\/a><\/span><\/p>\n","protected":false},"author":1,"featured_media":0,"parent":29,"menu_order":0,"comment_status":"closed","ping_status":"closed","template":"","meta":{"_uag_custom_page_level_css":"","ngg_post_thumbnail":0,"footnotes":""},"class_list":["post-39","page","type-page","status-publish","hentry"],"uagb_featured_image_src":{"full":false,"thumbnail":false,"medium":false,"medium_large":false,"large":false,"1536x1536":false,"2048x2048":false,"post-thumbnail":false,"intuitive-slider":false,"intuitive-header-inner":false,"intuitive-featured-content":false,"intuitive-testimonial-thumb":false,"intuitive-hero-content":false,"intuitive-team":false,"intuitive-portfolio":false,"intuitive-logo":false},"uagb_author_info":{"display_name":"admin","author_link":"https:\/\/www.bilisimharita.com.tr\/author\/admin\/"},"uagb_comment_info":0,"uagb_excerpt":"\u0130\u015f \u00e7e\u015fitlerimiz, \u00e7\u00f6z\u00fcmlerimiz, hizmet sonras\u0131 sa\u011flad\u0131\u011f\u0131m\u0131z g\u00fcvenirlilik ve y\u00fcksek i\u015fDevam\u0131n\u0131 Oku...\u015eirket Misyonumuz&#8230;","_links":{"self":[{"href":"https:\/\/www.bilisimharita.com.tr\/index.php\/wp-json\/wp\/v2\/pages\/39","targetHints":{"allow":["GET"]}}],"collection":[{"href":"https:\/\/www.bilisimharita.com.tr\/index.php\/wp-json\/wp\/v2\/pages"}],"about":[{"href":"https:\/\/www.bilisimharita.com.tr\/index.php\/wp-json\/wp\/v2\/types\/page"}],"author":[{"embeddable":true,"href":"https:\/\/www.bilisimharita.com.tr\/index.php\/wp-json\/wp\/v2\/users\/1"}],"replies":[{"embeddable":true,"href":"https:\/\/www.bilisimharita.com.tr\/index.php\/wp-json\/wp\/v2\/comments?post=39"}],"version-history":[{"count":4,"href":"https:\/\/www.bilisimharita.com.tr\/index.php\/wp-json\/wp\/v2\/pages\/39\/revisions"}],"predecessor-version":[{"id":224,"href":"https:\/\/www.bilisimharita.com.tr\/index.php\/wp-json\/wp\/v2\/pages\/39\/revisions\/224"}],"up":[{"embeddable":true,"href":"https:\/\/www.bilisimharita.com.tr\/index.php\/wp-json\/wp\/v2\/pages\/29"}],"wp:attachment":[{"href":"https:\/\/www.bilisimharita.com.tr\/index.php\/wp-json\/wp\/v2\/media?parent=39"}],"curies":[{"name":"wp","href":"https:\/\/api.w.org\/{rel}","templated":true}]}}