{"id":37,"date":"2020-03-07T06:07:40","date_gmt":"2020-03-07T06:07:40","guid":{"rendered":"http:\/\/www.bilisimharita.com.tr\/?page_id=37"},"modified":"2020-03-17T17:46:16","modified_gmt":"2020-03-17T14:46:16","slug":"vizyonumuz","status":"publish","type":"page","link":"https:\/\/www.bilisimharita.com.tr\/index.php\/hakkimizda\/vizyonumuz\/","title":{"rendered":"Vizyonumuz"},"content":{"rendered":"\n<div class=\"wp-block-columns is-layout-flex wp-container-core-columns-is-layout-9d6595d7 wp-block-columns-is-layout-flex\">\n<div class=\"wp-block-column is-layout-flow wp-block-column-is-layout-flow\" style=\"flex-basis:66.66%\">\n<p> Faaliyette bulundu\u011fumuz alanlarda en iyiyi, en do\u011fruyu, en k\u0131sa s\u00fcrede ba\u015faran ve b\u00fcy\u00fck projelerde imzas\u0131 olan bir firma olmak.  <\/p>\n<\/div>\n\n\n\n<div class=\"wp-block-column is-layout-flow wp-block-column-is-layout-flow\" style=\"flex-basis:33.33%\">\n<figure class=\"wp-block-image size-large\"><img loading=\"lazy\" decoding=\"async\" width=\"300\" height=\"300\" src=\"http:\/\/www.bilisimharita.com.tr\/wp-content\/uploads\/2020\/03\/vision.png\" alt=\"\" class=\"wp-image-199\" srcset=\"https:\/\/www.bilisimharita.com.tr\/wp-content\/uploads\/2020\/03\/vision.png 300w, https:\/\/www.bilisimharita.com.tr\/wp-content\/uploads\/2020\/03\/vision-150x150.png 150w, https:\/\/www.bilisimharita.com.tr\/wp-content\/uploads\/2020\/03\/vision-70x70.png 70w\" sizes=\"auto, (max-width: 300px) 100vw, 300px\" \/><\/figure>\n<\/div>\n<\/div>\n","protected":false},"excerpt":{"rendered":"<p>Faaliyette bulundu\u011fumuz alanlarda en iyiyi, en do\u011fruyu, en k\u0131sa s\u00fcrede<span class=\"more-button\"><a href=\"https:\/\/www.bilisimharita.com.tr\/index.php\/hakkimizda\/vizyonumuz\/\" class=\"more-link\">Devam\u0131n\u0131 Oku&#8230;<span class=\"screen-reader-text\">Vizyonumuz<\/span><\/a><\/span><\/p>\n","protected":false},"author":1,"featured_media":0,"parent":29,"menu_order":2,"comment_status":"closed","ping_status":"closed","template":"","meta":{"_uag_custom_page_level_css":"","ngg_post_thumbnail":0,"footnotes":""},"class_list":["post-37","page","type-page","status-publish","hentry"],"uagb_featured_image_src":{"full":false,"thumbnail":false,"medium":false,"medium_large":false,"large":false,"1536x1536":false,"2048x2048":false,"post-thumbnail":false,"intuitive-slider":false,"intuitive-header-inner":false,"intuitive-featured-content":false,"intuitive-testimonial-thumb":false,"intuitive-hero-content":false,"intuitive-team":false,"intuitive-portfolio":false,"intuitive-logo":false},"uagb_author_info":{"display_name":"admin","author_link":"https:\/\/www.bilisimharita.com.tr\/author\/admin\/"},"uagb_comment_info":0,"uagb_excerpt":"Faaliyette bulundu\u011fumuz alanlarda en iyiyi, en do\u011fruyu, en k\u0131sa s\u00fcredeDevam\u0131n\u0131 Oku...Vizyonumuz","_links":{"self":[{"href":"https:\/\/www.bilisimharita.com.tr\/index.php\/wp-json\/wp\/v2\/pages\/37","targetHints":{"allow":["GET"]}}],"collection":[{"href":"https:\/\/www.bilisimharita.com.tr\/index.php\/wp-json\/wp\/v2\/pages"}],"about":[{"href":"https:\/\/www.bilisimharita.com.tr\/index.php\/wp-json\/wp\/v2\/types\/page"}],"author":[{"embeddable":true,"href":"https:\/\/www.bilisimharita.com.tr\/index.php\/wp-json\/wp\/v2\/users\/1"}],"replies":[{"embeddable":true,"href":"https:\/\/www.bilisimharita.com.tr\/index.php\/wp-json\/wp\/v2\/comments?post=37"}],"version-history":[{"count":3,"href":"https:\/\/www.bilisimharita.com.tr\/index.php\/wp-json\/wp\/v2\/pages\/37\/revisions"}],"predecessor-version":[{"id":200,"href":"https:\/\/www.bilisimharita.com.tr\/index.php\/wp-json\/wp\/v2\/pages\/37\/revisions\/200"}],"up":[{"embeddable":true,"href":"https:\/\/www.bilisimharita.com.tr\/index.php\/wp-json\/wp\/v2\/pages\/29"}],"wp:attachment":[{"href":"https:\/\/www.bilisimharita.com.tr\/index.php\/wp-json\/wp\/v2\/media?parent=37"}],"curies":[{"name":"wp","href":"https:\/\/api.w.org\/{rel}","templated":true}]}}