{"id":31,"date":"2020-03-07T06:03:37","date_gmt":"2020-03-07T06:03:37","guid":{"rendered":"http:\/\/www.bilisimharita.com.tr\/?page_id=31"},"modified":"2020-03-17T17:49:34","modified_gmt":"2020-03-17T14:49:34","slug":"projelerimiz","status":"publish","type":"page","link":"https:\/\/www.bilisimharita.com.tr\/index.php\/projelerimiz\/","title":{"rendered":"Projelerimiz"},"content":{"rendered":"\n<div class=\"wp-block-columns is-layout-flex wp-container-core-columns-is-layout-9d6595d7 wp-block-columns-is-layout-flex\">\n<div class=\"wp-block-column is-layout-flow wp-block-column-is-layout-flow\" style=\"flex-basis:66.66%\">\n<p>Firmam\u0131z Harita M\u00fchendislik Faaliyetlerinin yan\u0131nda, yap\u0131 m\u00fcteahhitli\u011fi gibi bir\u00e7ok m\u00fchendislik alan\u0131nda faaliyet g\u00f6stermektedir<\/p>\n\n\n\n<ul class=\"wp-block-list\"><li>Yap\u0131 M\u00fcteahhitli\u011fi<\/li><li>Kamula\u015ft\u0131rma<\/li><li>Halihaz\u0131r<\/li><li>\u0130mar Uygulamas\u0131<\/li><li>Batimetri Haritalar\u0131<\/li><li>Say\u0131sal Kadastral Harita Yap\u0131m \u0130\u015fleri<\/li><li>22-A Uygulamas\u0131 \u0130\u015fleri<\/li><li>Orman Kadastro \u0130\u015flemleri<\/li><li>Drone ile harita \u00fcretimi i\u015fleri<\/li><\/ul>\n<\/div>\n\n\n\n<div class=\"wp-block-column is-layout-flow wp-block-column-is-layout-flow\" style=\"flex-basis:33.33%\">\n<ul class=\"wp-block-list\"><li><a href=\"http:\/\/www.bilisimharita.com.tr\/index.php\/projelerimiz\/devam-eden-projelerimiz\/\">Yap\u0131m\u0131 Devam Eden Projelerimiz<\/a><\/li><li><a href=\"http:\/\/www.bilisimharita.com.tr\/index.php\/projelerimiz\/tamamlanan-projelerimiz\/\">Taraf\u0131m\u0131zdan Tamamlanan Projeler<\/a><\/li><\/ul>\n\n\n\n<figure class=\"wp-block-image size-large is-resized\"><img loading=\"lazy\" decoding=\"async\" src=\"http:\/\/www.bilisimharita.com.tr\/wp-content\/uploads\/2020\/03\/projeler.jpg\" alt=\"\" class=\"wp-image-201\" width=\"384\" height=\"239\" srcset=\"https:\/\/www.bilisimharita.com.tr\/wp-content\/uploads\/2020\/03\/projeler.jpg 512w, https:\/\/www.bilisimharita.com.tr\/wp-content\/uploads\/2020\/03\/projeler-300x186.jpg 300w\" sizes=\"auto, (max-width: 384px) 100vw, 384px\" \/><\/figure>\n<\/div>\n<\/div>\n","protected":false},"excerpt":{"rendered":"<p>Firmam\u0131z Harita M\u00fchendislik Faaliyetlerinin yan\u0131nda, yap\u0131 m\u00fcteahhitli\u011fi gibi bir\u00e7ok m\u00fchendislik<span class=\"more-button\"><a href=\"https:\/\/www.bilisimharita.com.tr\/index.php\/projelerimiz\/\" class=\"more-link\">Devam\u0131n\u0131 Oku&#8230;<span class=\"screen-reader-text\">Projelerimiz<\/span><\/a><\/span><\/p>\n","protected":false},"author":1,"featured_media":0,"parent":0,"menu_order":1,"comment_status":"closed","ping_status":"closed","template":"templates\/right-sidebar.php","meta":{"_uag_custom_page_level_css":"","ngg_post_thumbnail":0,"footnotes":""},"class_list":["post-31","page","type-page","status-publish","hentry"],"uagb_featured_image_src":{"full":false,"thumbnail":false,"medium":false,"medium_large":false,"large":false,"1536x1536":false,"2048x2048":false,"post-thumbnail":false,"intuitive-slider":false,"intuitive-header-inner":false,"intuitive-featured-content":false,"intuitive-testimonial-thumb":false,"intuitive-hero-content":false,"intuitive-team":false,"intuitive-portfolio":false,"intuitive-logo":false},"uagb_author_info":{"display_name":"admin","author_link":"https:\/\/www.bilisimharita.com.tr\/author\/admin\/"},"uagb_comment_info":0,"uagb_excerpt":"Firmam\u0131z Harita M\u00fchendislik Faaliyetlerinin yan\u0131nda, yap\u0131 m\u00fcteahhitli\u011fi gibi bir\u00e7ok m\u00fchendislikDevam\u0131n\u0131 Oku...Projelerimiz","_links":{"self":[{"href":"https:\/\/www.bilisimharita.com.tr\/index.php\/wp-json\/wp\/v2\/pages\/31","targetHints":{"allow":["GET"]}}],"collection":[{"href":"https:\/\/www.bilisimharita.com.tr\/index.php\/wp-json\/wp\/v2\/pages"}],"about":[{"href":"https:\/\/www.bilisimharita.com.tr\/index.php\/wp-json\/wp\/v2\/types\/page"}],"author":[{"embeddable":true,"href":"https:\/\/www.bilisimharita.com.tr\/index.php\/wp-json\/wp\/v2\/users\/1"}],"replies":[{"embeddable":true,"href":"https:\/\/www.bilisimharita.com.tr\/index.php\/wp-json\/wp\/v2\/comments?post=31"}],"version-history":[{"count":6,"href":"https:\/\/www.bilisimharita.com.tr\/index.php\/wp-json\/wp\/v2\/pages\/31\/revisions"}],"predecessor-version":[{"id":204,"href":"https:\/\/www.bilisimharita.com.tr\/index.php\/wp-json\/wp\/v2\/pages\/31\/revisions\/204"}],"wp:attachment":[{"href":"https:\/\/www.bilisimharita.com.tr\/index.php\/wp-json\/wp\/v2\/media?parent=31"}],"curies":[{"name":"wp","href":"https:\/\/api.w.org\/{rel}","templated":true}]}}