{"id":29,"date":"2020-03-07T06:01:54","date_gmt":"2020-03-07T06:01:54","guid":{"rendered":"http:\/\/www.bilisimharita.com.tr\/?page_id=29"},"modified":"2020-03-17T17:50:45","modified_gmt":"2020-03-17T14:50:45","slug":"hakkimizda","status":"publish","type":"page","link":"https:\/\/www.bilisimharita.com.tr\/index.php\/hakkimizda\/","title":{"rendered":"Hakk\u0131m\u0131zda"},"content":{"rendered":"\n<div class=\"wp-block-columns is-layout-flex wp-container-core-columns-is-layout-9d6595d7 wp-block-columns-is-layout-flex\">\n<div class=\"wp-block-column is-layout-flow wp-block-column-is-layout-flow\" style=\"flex-basis:66.66%\">\n<p>1996 Y\u0131l\u0131nda kurulan firmam\u0131z, kurulu\u015fundan itibaren bir\u00e7ok Kamu ve \u00d6zel sekt\u00f6rde ba\u015far\u0131l\u0131 faaliyetlerini H\u0131zl\u0131, Kaliteli ve G\u00fcvenilir ilkeleri ile hareket ederek s\u00fcrd\u00fcrmektedir.<\/p>\n\n\n\n<p>Ana faaliyet alan\u0131m\u0131z olan Harita M\u00fchendislik \u00e7al\u0131\u015fmalar\u0131m\u0131z\u0131n d\u0131\u015f\u0131nda Yap\u0131 m\u00fcteahhitli\u011fi alan\u0131nda da ba\u015far\u0131l\u0131 \u00e7al\u0131\u015fmalara imza atm\u0131\u015f olmak, \u00e7ok de\u011ferli m\u00fc\u015fterilerimizi memnun etmek bizlerin en b\u00fcy\u00fck mutlulu\u011fudur.<\/p>\n\n\n\n<p>L\u00fctfen <a href=\"http:\/\/www.bilisimharita.com.tr\/index.php\/projelerimiz\/tamamlanan-projelerimiz\/\">Tamamlad\u0131\u011f\u0131m\u0131z<\/a> ve <a href=\"http:\/\/www.bilisimharita.com.tr\/index.php\/projelerimiz\/devam-eden-projelerimiz\/\">Devam eden<\/a> projelerimizi inceleyiniz. Sizlerle ortak payda da bulu\u015fabilmek isteriz.<\/p>\n<\/div>\n\n\n\n<div class=\"wp-block-column is-layout-flow wp-block-column-is-layout-flow\" style=\"flex-basis:33.33%\">\n<ul class=\"wp-block-list\"><li><a href=\"http:\/\/www.bilisimharita.com.tr\/index.php\/hakkimizda\/banka-bilgilerimiz\/\">Kurumsal Bilgiler<\/a><\/li><li><a href=\"http:\/\/www.bilisimharita.com.tr\/index.php\/hakkimizda\/misyonumuz\/\">Misyonumuz<\/a><\/li><li><a href=\"http:\/\/www.bilisimharita.com.tr\/index.php\/hakkimizda\/vizyonumuz\/\">Vizyonumuz<\/a><\/li><\/ul>\n\n\n\n<figure class=\"wp-block-image size-large\"><img loading=\"lazy\" decoding=\"async\" width=\"959\" height=\"295\" src=\"http:\/\/www.bilisimharita.com.tr\/wp-content\/uploads\/2020\/03\/hakk\u0131m\u0131zda.png\" alt=\"\" class=\"wp-image-205\" srcset=\"https:\/\/www.bilisimharita.com.tr\/wp-content\/uploads\/2020\/03\/hakk\u0131m\u0131zda.png 959w, https:\/\/www.bilisimharita.com.tr\/wp-content\/uploads\/2020\/03\/hakk\u0131m\u0131zda-300x92.png 300w, https:\/\/www.bilisimharita.com.tr\/wp-content\/uploads\/2020\/03\/hakk\u0131m\u0131zda-768x236.png 768w\" sizes=\"auto, (max-width: 959px) 100vw, 959px\" \/><\/figure>\n<\/div>\n<\/div>\n","protected":false},"excerpt":{"rendered":"<p>1996 Y\u0131l\u0131nda kurulan firmam\u0131z, kurulu\u015fundan itibaren bir\u00e7ok Kamu ve \u00d6zel<span class=\"more-button\"><a href=\"https:\/\/www.bilisimharita.com.tr\/index.php\/hakkimizda\/\" class=\"more-link\">Devam\u0131n\u0131 Oku&#8230;<span class=\"screen-reader-text\">Hakk\u0131m\u0131zda<\/span><\/a><\/span><\/p>\n","protected":false},"author":1,"featured_media":0,"parent":0,"menu_order":0,"comment_status":"closed","ping_status":"closed","template":"","meta":{"_uag_custom_page_level_css":"","ngg_post_thumbnail":0,"footnotes":""},"class_list":["post-29","page","type-page","status-publish","hentry"],"uagb_featured_image_src":{"full":false,"thumbnail":false,"medium":false,"medium_large":false,"large":false,"1536x1536":false,"2048x2048":false,"post-thumbnail":false,"intuitive-slider":false,"intuitive-header-inner":false,"intuitive-featured-content":false,"intuitive-testimonial-thumb":false,"intuitive-hero-content":false,"intuitive-team":false,"intuitive-portfolio":false,"intuitive-logo":false},"uagb_author_info":{"display_name":"admin","author_link":"https:\/\/www.bilisimharita.com.tr\/author\/admin\/"},"uagb_comment_info":0,"uagb_excerpt":"1996 Y\u0131l\u0131nda kurulan firmam\u0131z, kurulu\u015fundan itibaren bir\u00e7ok Kamu ve \u00d6zelDevam\u0131n\u0131 Oku...Hakk\u0131m\u0131zda","_links":{"self":[{"href":"https:\/\/www.bilisimharita.com.tr\/index.php\/wp-json\/wp\/v2\/pages\/29","targetHints":{"allow":["GET"]}}],"collection":[{"href":"https:\/\/www.bilisimharita.com.tr\/index.php\/wp-json\/wp\/v2\/pages"}],"about":[{"href":"https:\/\/www.bilisimharita.com.tr\/index.php\/wp-json\/wp\/v2\/types\/page"}],"author":[{"embeddable":true,"href":"https:\/\/www.bilisimharita.com.tr\/index.php\/wp-json\/wp\/v2\/users\/1"}],"replies":[{"embeddable":true,"href":"https:\/\/www.bilisimharita.com.tr\/index.php\/wp-json\/wp\/v2\/comments?post=29"}],"version-history":[{"count":6,"href":"https:\/\/www.bilisimharita.com.tr\/index.php\/wp-json\/wp\/v2\/pages\/29\/revisions"}],"predecessor-version":[{"id":206,"href":"https:\/\/www.bilisimharita.com.tr\/index.php\/wp-json\/wp\/v2\/pages\/29\/revisions\/206"}],"wp:attachment":[{"href":"https:\/\/www.bilisimharita.com.tr\/index.php\/wp-json\/wp\/v2\/media?parent=29"}],"curies":[{"name":"wp","href":"https:\/\/api.w.org\/{rel}","templated":true}]}}